{"id":570,"date":"2021-12-06T20:05:24","date_gmt":"2021-12-06T20:05:24","guid":{"rendered":"https:\/\/midgardproducts.com\/voetenolie\/"},"modified":"2026-04-03T11:34:54","modified_gmt":"2026-04-03T11:34:54","slug":"voetenolie","status":"publish","type":"product","link":"https:\/\/midgardproducts.com\/nl\/voetenolie\/","title":{"rendered":"Voetenolie"},"content":{"rendered":"<h1><span style=\"font-weight: 400;\">Voetenolie van Midgard<\/span><\/h1>\n<p><b>Voetenolie<\/b><span style=\"font-weight: 400;\"> gebruik je om de huid van je voeten zacht en gevoed te houden. Maar het aanbrengen van <\/span><b>voetolie<\/b><span style=\"font-weight: 400;\"> doet nog iets anders. Bij het aanbrengen van voetenolie voel je meteen je voeten ontspannen. Heerlijk dus om \u2018s avonds aan te brengen als je naar bed gaat. Vlak voor het slapen kun je je voeten nog even masseren. Je kunt de ontspanning van je hiel tot je tenen door je voeten voelen gaan. Midgard voet olie ruikt heerlijk, en door met de olie je voeten te masseren verdwijnt de laatste spanning van dag. Een goed begin van de nacht dus. Midgard voeten olie bestaat uit natuurlijke biologische oli\u00ebn en kruidenextracten.<\/span><\/p>\n<h2><span style=\"font-weight: 400;\">Welke olie is goed voor je voeten?<\/span><\/h2>\n<p><span style=\"font-weight: 400;\">Midgard voetenolie bestaat uit onder andere olijfolie, maar heeft een unieke receptuur met meerdere soorten oli\u00ebn. Allemaal van de hoogste kwaliteit en gekozen op de eigenschappen die van pas komen bij voetverzorging. Daarnaast zijn er etherische oli\u00ebn, waaronder die van rozemarijn en zilverspar toegevoegd voor een unieke, heerlijke geur. Want, de neus wil ook wat. Het gaat bij olie voor voetverzorging om de gehele belevenis. Althans, dat vinden wij. Het verzorgen van je voeten mag best een ritueel zijn. In de Chinese acupunctuur wordt de voet niet voor niets als \u2018kaart\u2019 van het lichaam gebruikt. Het masseren van je voeten kan allerlei klachten verlichten, ook elders in je lichaam.<\/span><\/p>\n<h2><span style=\"font-weight: 400;\">Olie voetverzorging<\/span><\/h2>\n<p><span style=\"font-weight: 400;\">Olie voetverzorging, het is een gouden combinatie. Hoewel je voeten weinig aan de weersinvloeden bloot gesteld worden, is voetverzorging wel degelijk belangrijk. Een veel gestelde vraag die wij krijgen is, \u201cwelke olie voor droge voeten?\u201d. De Midgard voetolie is uiteraard ook voor dit doel ontwikkeld. Want, wij hebben de voet olie met kruiden samengesteld, waaronder heel toepasselijk het kruid bijvoet, die een goede werking heeft om de huid te voeden. En een goed gevoede huid is een zachte huid. Als je een oplossing voor droge voeten zoekt, dan is de kans groot dan onze voetolie de oplossing biedt.<\/span><\/p>\n<h2><span style=\"font-weight: 400;\">Geniet van een voetmassage met Midgard voetolie<\/span><\/h2>\n<p><span style=\"font-weight: 400;\">Zoals gezegd kan het aanbrengen van voetolie een dagelijks ritueel worden waar je intens van kunt genieten. Met Midgard voetolie je eigen voeten masseren, of die van je partner, maak er een speciaal moment van. Onze olie voor voeten verzorgen, kan je al na enkele keren een fijn resultaat geven. Je gebruikt voetenolie als een korte termijn oplossing voor veel voetklachten, maar ook voor de lange termijn. Het echte resultaat merk je eigenlijk na jaren, wanneer je voeten een heerlijke jeugdige huid blijven houden. Dat is de kracht van goede, verzorgende olie voor voeten.<\/span><\/p>\n<h2><span style=\"font-weight: 400;\">Olie voor droge voeten<\/span><\/h2>\n<p><span style=\"font-weight: 400;\">Olie voor droge voeten is een van de meest voorkomende redenen waarom mensen online voetenolie bestellen bij Midgard. Echter voetolie is een onderdeel van voetverzorging die allerlei klachten helpt voorkomen. Geef dus wekelijks of om de paar dagen je voeten een goede verzorging om klachten te voorkomen. Olie voor droge voeten, d\u00e1t is onze voeten olie zeker. Maar ook wanneer je weet dat je voeten het zwaar hebben, kun je \u2018s ochtends voor je je sokken aandoet een dun laagje voet olie aanbrengen. Ga je een lange wandeling maken? Of ga je een dag genieten van ski\u00ebn of snowboarden in de bergen? Of ga je gewoon in ons eigen land skeeleren? Doe je voeten dan een plezier en verzorg ze \u2018s ochtends al met Midgard voetenolie.<\/span><\/p>\n<h2><span style=\"font-weight: 400;\">Gebruik van Midgard essenti\u00eble voetoli\u00ebn<\/span><\/h2>\n<p><span style=\"font-weight: 400;\">Het gebruik van Midgard voeten olie is heel divers. Onderstaand een overzicht van het gebruik:<\/span><\/p>\n<ul>\n<li style=\"font-weight: 400;\" aria-level=\"1\"><span style=\"font-weight: 400;\">De essenti\u00eble oli\u00ebn voor eelt houden de huid zacht<\/span><\/li>\n<li style=\"font-weight: 400;\" aria-level=\"1\"><span style=\"font-weight: 400;\">Olie voor gebarsten hielen, men heeft dan vaak ook last van eelt of droge voeten<\/span><\/li>\n<li style=\"font-weight: 400;\" aria-level=\"1\"><span style=\"font-weight: 400;\">We horen vaak dat het ervaren wordt als de beste olie voor droge voeten<\/span><\/li>\n<li style=\"font-weight: 400;\" aria-level=\"1\"><span style=\"font-weight: 400;\">Essenti\u00eble oli\u00ebn voor voetschimmel<\/span><\/li>\n<li style=\"font-weight: 400;\" aria-level=\"1\"><span style=\"font-weight: 400;\">De combinatie van essenti\u00eble oli\u00ebn voor stinkende voeten maken het erg effectief<\/span><\/li>\n<li style=\"font-weight: 400;\" aria-level=\"1\"><span style=\"font-weight: 400;\">De geur van etherische olie voor voetpijn maken het prettig om je voeten in te oli\u00ebn<\/span><\/li>\n<li style=\"font-weight: 400;\" aria-level=\"1\"><span style=\"font-weight: 400;\">Voor wie zoekt naar essenti\u00eble oli\u00ebn voor jeukende voeten<\/span><\/li>\n<li style=\"font-weight: 400;\" aria-level=\"1\"><span style=\"font-weight: 400;\">Ook heerlijk in een voetenbad of voor als je zoekt naar een rozemarijn voetenbad<\/span><\/li>\n<li style=\"font-weight: 400;\" aria-level=\"1\"><span style=\"font-weight: 400;\">De voetenolie bevat essenti\u00eble oli\u00ebn voor vermoeide voeten<\/span><\/li>\n<\/ul>\n<h2><span style=\"font-weight: 400;\">Zakelijk Midgard voeten olie<\/span><\/h2>\n<p><span style=\"font-weight: 400;\">Ben je op zoek naar een voetoli\u00ebn voor voetspa of essenti\u00eble oli\u00ebn voor pedicure? Je kunt ook zakelijk onze voetolie bestellen. Neem ook gerust contact met ons op. We bekijken graag de mogelijkheden om ook voor jou de voetoli\u00ebn voor voetspa of essenti\u00eble oli\u00ebn voor pedicure praktijken te leveren.<\/span><\/p>\n","protected":false},"excerpt":{"rendered":"<ul>\n<li>Voetenolie om de huid van je voeten zacht en gevoed te houden<\/li>\n<li>Gemaakt van essenti\u00eble oli\u00ebn en kruiden voor voetverzorging<\/li>\n<\/ul>\n","protected":false},"featured_media":567,"template":"","meta":[],"product_cat":[33,36],"product_tag":[],"class_list":{"0":"post-570","1":"product","2":"type-product","3":"status-publish","4":"has-post-thumbnail","6":"product_cat-cosmetica","7":"product_cat-huidverzorging","9":"first","10":"instock","11":"taxable","12":"shipping-taxable","13":"purchasable","14":"product-type-simple"},"yoast_head":"<!-- This site is optimized with the Yoast SEO plugin v23.7 - https:\/\/yoast.com\/wordpress\/plugins\/seo\/ -->\n<title>Voetenolie - Midgard<\/title>\n<meta name=\"robots\" content=\"index, follow, max-snippet:-1, max-image-preview:large, max-video-preview:-1\" \/>\n<link rel=\"canonical\" href=\"https:\/\/midgardproducts.com\/nl\/voetenolie\/\" \/>\n<meta property=\"og:locale\" content=\"nl_NL\" \/>\n<meta property=\"og:type\" content=\"article\" \/>\n<meta property=\"og:title\" content=\"Voetenolie - Midgard\" \/>\n<meta property=\"og:description\" content=\"Voetenolie om de huid van je voeten zacht en gevoed te houden  Gemaakt van essenti\u00eble oli\u00ebn en kruiden voor voetverzorging\" \/>\n<meta property=\"og:url\" content=\"https:\/\/midgardproducts.com\/nl\/voetenolie\/\" \/>\n<meta property=\"og:site_name\" content=\"Midgard\" \/>\n<meta property=\"article:modified_time\" content=\"2026-04-03T11:34:54+00:00\" \/>\n<meta property=\"og:image\" content=\"https:\/\/midgardproducts.com\/wp-content\/uploads\/2021\/12\/feet-oil-midgard.jpg\" \/>\n\t<meta property=\"og:image:width\" content=\"800\" \/>\n\t<meta property=\"og:image:height\" content=\"800\" \/>\n\t<meta property=\"og:image:type\" content=\"image\/jpeg\" \/>\n<meta name=\"twitter:card\" content=\"summary_large_image\" \/>\n<meta name=\"twitter:label1\" content=\"Geschatte leestijd\" \/>\n\t<meta name=\"twitter:data1\" content=\"4 minuten\" \/>\n<script type=\"application\/ld+json\" class=\"yoast-schema-graph\">{\"@context\":\"https:\/\/schema.org\",\"@graph\":[{\"@type\":\"WebPage\",\"@id\":\"https:\/\/midgardproducts.com\/nl\/voetenolie\/\",\"url\":\"https:\/\/midgardproducts.com\/nl\/voetenolie\/\",\"name\":\"Voetenolie - Midgard\",\"isPartOf\":{\"@id\":\"https:\/\/midgardproducts.com\/nl\/#website\"},\"primaryImageOfPage\":{\"@id\":\"https:\/\/midgardproducts.com\/nl\/voetenolie\/#primaryimage\"},\"image\":{\"@id\":\"https:\/\/midgardproducts.com\/nl\/voetenolie\/#primaryimage\"},\"thumbnailUrl\":\"https:\/\/midgardproducts.com\/wp-content\/uploads\/2021\/12\/feet-oil-midgard.jpg\",\"datePublished\":\"2021-12-06T20:05:24+00:00\",\"dateModified\":\"2026-04-03T11:34:54+00:00\",\"breadcrumb\":{\"@id\":\"https:\/\/midgardproducts.com\/nl\/voetenolie\/#breadcrumb\"},\"inLanguage\":\"nl-NL\",\"potentialAction\":[{\"@type\":\"ReadAction\",\"target\":[\"https:\/\/midgardproducts.com\/nl\/voetenolie\/\"]}]},{\"@type\":\"ImageObject\",\"inLanguage\":\"nl-NL\",\"@id\":\"https:\/\/midgardproducts.com\/nl\/voetenolie\/#primaryimage\",\"url\":\"https:\/\/midgardproducts.com\/wp-content\/uploads\/2021\/12\/feet-oil-midgard.jpg\",\"contentUrl\":\"https:\/\/midgardproducts.com\/wp-content\/uploads\/2021\/12\/feet-oil-midgard.jpg\",\"width\":800,\"height\":800,\"caption\":\"voetenolie-midgard\"},{\"@type\":\"BreadcrumbList\",\"@id\":\"https:\/\/midgardproducts.com\/nl\/voetenolie\/#breadcrumb\",\"itemListElement\":[{\"@type\":\"ListItem\",\"position\":1,\"name\":\"Home\",\"item\":\"https:\/\/midgardproducts.com\/nl\/\"},{\"@type\":\"ListItem\",\"position\":2,\"name\":\"Shop\",\"item\":\"https:\/\/midgardproducts.com\/nl\/winkel\/\"},{\"@type\":\"ListItem\",\"position\":3,\"name\":\"Voetenolie\"}]},{\"@type\":\"WebSite\",\"@id\":\"https:\/\/midgardproducts.com\/nl\/#website\",\"url\":\"https:\/\/midgardproducts.com\/nl\/\",\"name\":\"Midgard\",\"description\":\"Natural body care\",\"publisher\":{\"@id\":\"https:\/\/midgardproducts.com\/nl\/#organization\"},\"potentialAction\":[{\"@type\":\"SearchAction\",\"target\":{\"@type\":\"EntryPoint\",\"urlTemplate\":\"https:\/\/midgardproducts.com\/nl\/?s={search_term_string}\"},\"query-input\":{\"@type\":\"PropertyValueSpecification\",\"valueRequired\":true,\"valueName\":\"search_term_string\"}}],\"inLanguage\":\"nl-NL\"},{\"@type\":\"Organization\",\"@id\":\"https:\/\/midgardproducts.com\/nl\/#organization\",\"name\":\"Midgard\",\"url\":\"https:\/\/midgardproducts.com\/nl\/\",\"logo\":{\"@type\":\"ImageObject\",\"inLanguage\":\"nl-NL\",\"@id\":\"https:\/\/midgardproducts.com\/nl\/#\/schema\/logo\/image\/\",\"url\":\"https:\/\/midgardproducts.com\/wp-content\/uploads\/2021\/10\/midgard-logo.png\",\"contentUrl\":\"https:\/\/midgardproducts.com\/wp-content\/uploads\/2021\/10\/midgard-logo.png\",\"width\":436,\"height\":190,\"caption\":\"Midgard\"},\"image\":{\"@id\":\"https:\/\/midgardproducts.com\/nl\/#\/schema\/logo\/image\/\"}}]}<\/script>\n<!-- \/ Yoast SEO plugin. -->","yoast_head_json":{"title":"Voetenolie - Midgard","robots":{"index":"index","follow":"follow","max-snippet":"max-snippet:-1","max-image-preview":"max-image-preview:large","max-video-preview":"max-video-preview:-1"},"canonical":"https:\/\/midgardproducts.com\/nl\/voetenolie\/","og_locale":"nl_NL","og_type":"article","og_title":"Voetenolie - Midgard","og_description":"Voetenolie om de huid van je voeten zacht en gevoed te houden  Gemaakt van essenti\u00eble oli\u00ebn en kruiden voor voetverzorging","og_url":"https:\/\/midgardproducts.com\/nl\/voetenolie\/","og_site_name":"Midgard","article_modified_time":"2026-04-03T11:34:54+00:00","og_image":[{"width":800,"height":800,"url":"https:\/\/midgardproducts.com\/wp-content\/uploads\/2021\/12\/feet-oil-midgard.jpg","type":"image\/jpeg"}],"twitter_card":"summary_large_image","twitter_misc":{"Geschatte leestijd":"4 minuten"},"schema":{"@context":"https:\/\/schema.org","@graph":[{"@type":"WebPage","@id":"https:\/\/midgardproducts.com\/nl\/voetenolie\/","url":"https:\/\/midgardproducts.com\/nl\/voetenolie\/","name":"Voetenolie - Midgard","isPartOf":{"@id":"https:\/\/midgardproducts.com\/nl\/#website"},"primaryImageOfPage":{"@id":"https:\/\/midgardproducts.com\/nl\/voetenolie\/#primaryimage"},"image":{"@id":"https:\/\/midgardproducts.com\/nl\/voetenolie\/#primaryimage"},"thumbnailUrl":"https:\/\/midgardproducts.com\/wp-content\/uploads\/2021\/12\/feet-oil-midgard.jpg","datePublished":"2021-12-06T20:05:24+00:00","dateModified":"2026-04-03T11:34:54+00:00","breadcrumb":{"@id":"https:\/\/midgardproducts.com\/nl\/voetenolie\/#breadcrumb"},"inLanguage":"nl-NL","potentialAction":[{"@type":"ReadAction","target":["https:\/\/midgardproducts.com\/nl\/voetenolie\/"]}]},{"@type":"ImageObject","inLanguage":"nl-NL","@id":"https:\/\/midgardproducts.com\/nl\/voetenolie\/#primaryimage","url":"https:\/\/midgardproducts.com\/wp-content\/uploads\/2021\/12\/feet-oil-midgard.jpg","contentUrl":"https:\/\/midgardproducts.com\/wp-content\/uploads\/2021\/12\/feet-oil-midgard.jpg","width":800,"height":800,"caption":"voetenolie-midgard"},{"@type":"BreadcrumbList","@id":"https:\/\/midgardproducts.com\/nl\/voetenolie\/#breadcrumb","itemListElement":[{"@type":"ListItem","position":1,"name":"Home","item":"https:\/\/midgardproducts.com\/nl\/"},{"@type":"ListItem","position":2,"name":"Shop","item":"https:\/\/midgardproducts.com\/nl\/winkel\/"},{"@type":"ListItem","position":3,"name":"Voetenolie"}]},{"@type":"WebSite","@id":"https:\/\/midgardproducts.com\/nl\/#website","url":"https:\/\/midgardproducts.com\/nl\/","name":"Midgard","description":"Natural body care","publisher":{"@id":"https:\/\/midgardproducts.com\/nl\/#organization"},"potentialAction":[{"@type":"SearchAction","target":{"@type":"EntryPoint","urlTemplate":"https:\/\/midgardproducts.com\/nl\/?s={search_term_string}"},"query-input":{"@type":"PropertyValueSpecification","valueRequired":true,"valueName":"search_term_string"}}],"inLanguage":"nl-NL"},{"@type":"Organization","@id":"https:\/\/midgardproducts.com\/nl\/#organization","name":"Midgard","url":"https:\/\/midgardproducts.com\/nl\/","logo":{"@type":"ImageObject","inLanguage":"nl-NL","@id":"https:\/\/midgardproducts.com\/nl\/#\/schema\/logo\/image\/","url":"https:\/\/midgardproducts.com\/wp-content\/uploads\/2021\/10\/midgard-logo.png","contentUrl":"https:\/\/midgardproducts.com\/wp-content\/uploads\/2021\/10\/midgard-logo.png","width":436,"height":190,"caption":"Midgard"},"image":{"@id":"https:\/\/midgardproducts.com\/nl\/#\/schema\/logo\/image\/"}}]}},"_links":{"self":[{"href":"https:\/\/midgardproducts.com\/nl\/wp-json\/wp\/v2\/product\/570","targetHints":{"allow":["GET"]}}],"collection":[{"href":"https:\/\/midgardproducts.com\/nl\/wp-json\/wp\/v2\/product"}],"about":[{"href":"https:\/\/midgardproducts.com\/nl\/wp-json\/wp\/v2\/types\/product"}],"wp:featuredmedia":[{"embeddable":true,"href":"https:\/\/midgardproducts.com\/nl\/wp-json\/wp\/v2\/media\/567"}],"wp:attachment":[{"href":"https:\/\/midgardproducts.com\/nl\/wp-json\/wp\/v2\/media?parent=570"}],"wp:term":[{"taxonomy":"product_cat","embeddable":true,"href":"https:\/\/midgardproducts.com\/nl\/wp-json\/wp\/v2\/product_cat?post=570"},{"taxonomy":"product_tag","embeddable":true,"href":"https:\/\/midgardproducts.com\/nl\/wp-json\/wp\/v2\/product_tag?post=570"}],"curies":[{"name":"wp","href":"https:\/\/api.w.org\/{rel}","templated":true}]}}